{"id":522,"date":"2021-08-06T15:37:50","date_gmt":"2021-08-06T15:37:50","guid":{"rendered":"https:\/\/lusflay.com\/?page_id=522"},"modified":"2021-08-18T16:08:15","modified_gmt":"2021-08-18T16:08:15","slug":"plantas-de-saneamiento","status":"publish","type":"page","link":"https:\/\/lusflay.com\/index.php\/plantas-de-saneamiento\/","title":{"rendered":"Plantas de saneamiento"},"content":{"rendered":"\t\t<div data-elementor-type=\"wp-page\" data-elementor-id=\"522\" class=\"elementor elementor-522\">\n\t\t\t\t\t\t<section class=\"elementor-section elementor-top-section elementor-element elementor-element-68c174a elementor-section-boxed elementor-section-height-default elementor-section-height-default parallax_section_no qode_elementor_container_no\" data-id=\"68c174a\" data-element_type=\"section\" data-e-type=\"section\">\n\t\t\t\t\t\t<div class=\"elementor-container elementor-column-gap-default\">\n\t\t\t\t\t<div class=\"elementor-column elementor-col-100 elementor-top-column elementor-element elementor-element-cf7613a\" data-id=\"cf7613a\" data-element_type=\"column\" data-e-type=\"column\">\n\t\t\t<div class=\"elementor-widget-wrap elementor-element-populated\">\n\t\t\t\t\t\t<div class=\"elementor-element elementor-element-9185825 elementor-widget elementor-widget-text-editor\" data-id=\"9185825\" data-element_type=\"widget\" data-e-type=\"widget\" data-widget_type=\"text-editor.default\">\n\t\t\t\t<div class=\"elementor-widget-container\">\n\t\t\t\t\t\t\t\t\t<p>Soluciones para el manejo de aguas residuales.<\/p>\t\t\t\t\t\t\t\t<\/div>\n\t\t\t\t<\/div>\n\t\t\t\t\t<\/div>\n\t\t<\/div>\n\t\t\t\t\t<\/div>\n\t\t<\/section>\n\t\t\t\t<section data-q_id=\"#estruagua\" class=\"elementor-section elementor-top-section elementor-element elementor-element-a8f3834 elementor-section-boxed elementor-section-height-default elementor-section-height-default parallax_section_no qode_elementor_container_no\" data-id=\"a8f3834\" data-element_type=\"section\" data-e-type=\"section\">\n\t\t\t\t\t\t<div class=\"elementor-container elementor-column-gap-default\">\n\t\t\t\t\t<div class=\"elementor-column elementor-col-50 elementor-top-column elementor-element elementor-element-e8d1c10\" data-id=\"e8d1c10\" data-element_type=\"column\" data-e-type=\"column\">\n\t\t\t<div class=\"elementor-widget-wrap elementor-element-populated\">\n\t\t\t\t\t\t<div class=\"elementor-element elementor-element-1a1f3a2 elementor-widget elementor-widget-heading\" data-id=\"1a1f3a2\" data-element_type=\"widget\" data-e-type=\"widget\" data-widget_type=\"heading.default\">\n\t\t\t\t<div class=\"elementor-widget-container\">\n\t\t\t\t\t<h2 class=\"elementor-heading-title elementor-size-default\">Estruagua<\/h2>\t\t\t\t<\/div>\n\t\t\t\t<\/div>\n\t\t\t\t<div class=\"elementor-element elementor-element-917169d elementor-widget elementor-widget-text-editor\" data-id=\"917169d\" data-element_type=\"widget\" data-e-type=\"widget\" data-widget_type=\"text-editor.default\">\n\t\t\t\t<div class=\"elementor-widget-container\">\n\t\t\t\t\t\t\t\t\t<h5><strong>Expertos en la fabricaci\u00f3n de maquinaria para el tratamiento de aguas residuales, industriales y urbanas.<\/strong><\/h5><p><br \/>ESTRUAGUA ofrece a sus clientes una experiencia acumulada en el sector de m\u00e1s de 40 a\u00f1os, en su larga trayectoria ha llevado a cabo un gran n\u00famero de suministros tanto en el sector p\u00fablico como privado.<\/p><p><br \/>Entre los objetivos fundamentales se encuentran el ofrecer a nuestros clientes el mayor rendimiento y la m\u00e1xima garant\u00eda de calidad, puntualidad, servicio y seguridad en todos los equipos, con el fin de lograr<br \/>una satisfacci\u00f3n plena.<\/p>\t\t\t\t\t\t\t\t<\/div>\n\t\t\t\t<\/div>\n\t\t\t\t\t<\/div>\n\t\t<\/div>\n\t\t\t\t<div class=\"elementor-column elementor-col-50 elementor-top-column elementor-element elementor-element-05089fc\" data-id=\"05089fc\" data-element_type=\"column\" data-e-type=\"column\">\n\t\t\t<div class=\"elementor-widget-wrap elementor-element-populated\">\n\t\t\t\t\t\t<div class=\"elementor-element elementor-element-0a1b889 elementor-widget elementor-widget-image\" data-id=\"0a1b889\" data-element_type=\"widget\" data-e-type=\"widget\" data-widget_type=\"image.default\">\n\t\t\t\t<div class=\"elementor-widget-container\">\n\t\t\t\t\t\t\t\t\t\t\t\t\t\t\t<img fetchpriority=\"high\" decoding=\"async\" width=\"604\" height=\"600\" src=\"https:\/\/lusflay.com\/wp-content\/uploads\/2021\/08\/estruagua.jpg\" class=\"attachment-large size-large wp-image-530\" alt=\"\" srcset=\"https:\/\/lusflay.com\/wp-content\/uploads\/2021\/08\/estruagua.jpg 604w, https:\/\/lusflay.com\/wp-content\/uploads\/2021\/08\/estruagua-300x298.jpg 300w, https:\/\/lusflay.com\/wp-content\/uploads\/2021\/08\/estruagua-150x150.jpg 150w\" sizes=\"(max-width: 604px) 100vw, 604px\" \/>\t\t\t\t\t\t\t\t\t\t\t\t\t\t\t<\/div>\n\t\t\t\t<\/div>\n\t\t\t\t\t<\/div>\n\t\t<\/div>\n\t\t\t\t\t<\/div>\n\t\t<\/section>\n\t\t\t\t<\/div>\n\t\t","protected":false},"excerpt":{"rendered":"<p>Soluciones para el manejo de aguas residuales. Estruagua Expertos en la fabricaci\u00f3n de maquinaria para el tratamiento de aguas residuales, industriales y urbanas. ESTRUAGUA ofrece a sus clientes una experiencia acumulada en el sector de m\u00e1s de 40 a\u00f1os, en su larga trayectoria ha llevado&#8230;<\/p>\n","protected":false},"author":3,"featured_media":0,"parent":0,"menu_order":0,"comment_status":"closed","ping_status":"closed","template":"","meta":{"footnotes":""},"class_list":["post-522","page","type-page","status-publish","hentry"],"_links":{"self":[{"href":"https:\/\/lusflay.com\/index.php\/wp-json\/wp\/v2\/pages\/522","targetHints":{"allow":["GET"]}}],"collection":[{"href":"https:\/\/lusflay.com\/index.php\/wp-json\/wp\/v2\/pages"}],"about":[{"href":"https:\/\/lusflay.com\/index.php\/wp-json\/wp\/v2\/types\/page"}],"author":[{"embeddable":true,"href":"https:\/\/lusflay.com\/index.php\/wp-json\/wp\/v2\/users\/3"}],"replies":[{"embeddable":true,"href":"https:\/\/lusflay.com\/index.php\/wp-json\/wp\/v2\/comments?post=522"}],"version-history":[{"count":10,"href":"https:\/\/lusflay.com\/index.php\/wp-json\/wp\/v2\/pages\/522\/revisions"}],"predecessor-version":[{"id":569,"href":"https:\/\/lusflay.com\/index.php\/wp-json\/wp\/v2\/pages\/522\/revisions\/569"}],"wp:attachment":[{"href":"https:\/\/lusflay.com\/index.php\/wp-json\/wp\/v2\/media?parent=522"}],"curies":[{"name":"wp","href":"https:\/\/api.w.org\/{rel}","templated":true}]}}